{"id":2310,"date":"2025-10-31T08:16:59","date_gmt":"2025-10-31T07:16:59","guid":{"rendered":"https:\/\/rockawork.com\/imprint\/"},"modified":"2026-02-02T14:06:59","modified_gmt":"2026-02-02T13:06:59","slug":"imprint","status":"publish","type":"page","link":"https:\/\/rockawork.com\/en\/imprint\/","title":{"rendered":"Imprint"},"content":{"rendered":"<section class=\"hero-post \"\n    style=\"--hero-desktop-bg: url('https:\/\/rockawork.com\/wp-content\/uploads\/2025\/10\/Background-2.jpg'); --hero-mobile-bg: url('https:\/\/rockawork.com\/wp-content\/uploads\/2025\/10\/Background-2.jpg');\">\n    <div class=\"hero-post__bg\">\n        <img decoding=\"async\" class=\"hero-post__bg--desktop\" src=\"https:\/\/rockawork.com\/wp-content\/uploads\/2025\/10\/Background-2.jpg\" alt=\"\" \/>\n            <\/div>\n\n    <div class=\"hero-post__content\">\n                        <h1 class=\"hero-post__content--title\">Imprint<\/h1>\n                            <\/div>\n<\/section>\n\n\n\n<section class=\"text-lead  my-animation \"\n    style=\"\">\n    <div class=\"section-ctnr\">\n        <div class=\"text-lead__header\">\n                        <h2 class=\"text-lead__title h3\">\n                             <\/h2>\n                                <\/div>\n\n        <div class=\"text-lead__content\">\n                        <div class=\"text-lead__text\">\n                <p><strong>All for One Poland sp. z o.o.<br \/>\n<\/strong>Z\u0142otniki, ul. Krzemowa 1<br \/>\n62-002 Suchy Las<\/p>\n<p>S\u0105d Rejonowy Pozna\u0144 Nowe Miasto i Wilda; VIII Wydzia\u0142 Gospodarczy<br \/>\nKRS: 0000040760;<br \/>\nKapita\u0142 zak\u0142adowy: 500 450 PLN<br \/>\nVAT ID no: PL7831007209<br \/>\nREGON: 630353110<br \/>\nNumer DUNS (D-U-N-S): 422489898<\/p>\n<p><strong>Management Board:\u00a0<\/strong>Micha\u0142 Kunze (President of the Board), Piotr Rogala, Waldemar Soko\u0142owski, Andrzej Moskalik, Piotr Adanowicz<\/p>\n<p><strong>Contact:<br \/>\n<\/strong>Tel:\u00a0<a href=\"http:\/\/tel.:+48618277000\/\">+48 61 827 7000<\/a><br \/>\nMail:\u00a0<a href=\"mailto:info.pl@all-for-one.com\">info.pl@all-for-one.com<\/a><\/p>\n            <\/div>\n                                <\/div>\n\n        <\/section>\n\n\n    <section class=\"counter-data\">\r\n        <audio id=\"flipSound\"\r\n            src=\"https:\/\/rockawork.otree.tech\/wp-content\/themes\/otree\/assets\/media\/music\/wall-clock-ticking.mp3\"\r\n            preload=\"auto\"><\/audio>\r\n        <div>\r\n            <div class=\"counter-data__content\">\r\n                <h3 class=\"counter-data__title\">\r\n                    Implementation in <strong>a few weeks<\/strong>, instead of months.                <\/h3>\r\n                <div class=\"counter-data__text\">\r\n                    <p>Today \u2013 meeting.<\/p>\r\n                    <p>In two weeks \u2013 a prototype.<\/p><\/br>\r\n                    <p>Another two \u2013 launch!<\/p>\r\n                <\/div>\r\n            <\/div>\r\n            <div class=\"counter-data__clock\">\r\n                <div class=\"counter-data__clock--wrapper\">\r\n                    <div class=\"counter-data__clock--elements\">\r\n                        <h4 class=\"counter-data__clock--title\"> <p>Today<\/p><\/h4>\r\n                        <div class=\"clock\">\r\n                            <!-- Dzie\u0144 miesi\u0105ca -->\r\n                            <div class=\"number day-1\">\r\n                                <div class=\"base\">\r\n                                    <div class=\"top\">0<\/div>\r\n                                    <div class=\"bottom\">0<\/div>\r\n                                <\/div>\r\n                                <div class=\"flap front\"><\/div>\r\n                                <div class=\"flap back\"><\/div>\r\n                            <\/div>\r\n                            <div class=\"number day-2\">\r\n                                <div class=\"base\">\r\n                                    <div class=\"top\">0<\/div>\r\n                                    <div class=\"bottom\">0<\/div>\r\n                                <\/div>\r\n                                <div class=\"flap front\"><\/div>\r\n                                <div class=\"flap back\"><\/div>\r\n                            <\/div>\r\n                        <\/div>\r\n                        <!-- Nazwa miesi\u0105ca -->\r\n                        <div class=\"counter-data__clock--month\"><\/div>\r\n                    <\/div>\r\n                <\/div>\r\n                <div class=\"counter-data__clock--button\">\r\n                    <button class=\"btn-primary btn-work\"><\/button>\r\n                    <span><\/span>\r\n                    <span><\/span>\r\n                    <span><\/span>\r\n                    <span><\/span>\r\n                    <span><\/span>\r\n                    <span><\/span>\r\n                <\/div>\r\n            <\/div>\r\n            <div class=\"counter-data__form\">\r\n                <h3 class=\"counter-data__form--title\"><p>Our team will be happy to answer your questions.<\/p><\/h3>\r\n                <div class=\"counter-data__form--wrapper\">\r\n\r\n                    <div class=\"counter-data__form--img\">\r\n                        <img decoding=\"async\" src=\"https:\/\/rockawork.com\/wp-content\/uploads\/2025\/07\/Image12.png\" alt=\"Banner form image\">\r\n                    <\/div>\r\n                    <div class=\"counter-data__form--form\">\r\n                        \n<div class=\"wpcf7 no-js\" id=\"wpcf7-f2324-o1\" lang=\"en-US\" dir=\"ltr\" data-wpcf7-id=\"2324\">\n<div class=\"screen-reader-response\"><p role=\"status\" aria-live=\"polite\" aria-atomic=\"true\"><\/p> <ul><\/ul><\/div>\n<form action=\"\/en\/wp-json\/wp\/v2\/pages\/2310#wpcf7-f2324-o1\" method=\"post\" class=\"wpcf7-form init\" aria-label=\"Contact form\" novalidate=\"novalidate\" data-status=\"init\">\n<fieldset class=\"hidden-fields-container\"><input type=\"hidden\" name=\"_wpcf7\" value=\"2324\" \/><input type=\"hidden\" name=\"_wpcf7_version\" value=\"6.1.5\" \/><input type=\"hidden\" name=\"_wpcf7_locale\" value=\"en_US\" \/><input type=\"hidden\" name=\"_wpcf7_unit_tag\" value=\"wpcf7-f2324-o1\" \/><input type=\"hidden\" name=\"_wpcf7_container_post\" value=\"0\" \/><input type=\"hidden\" name=\"_wpcf7_posted_data_hash\" value=\"\" \/><input type=\"hidden\" name=\"_wpcf7_recaptcha_response\" value=\"\" \/>\n<\/fieldset>\n<div class=\"counter-data__form--inputs\">\n\t<div class=\"counter-data__form--input\">\n\t\t<p><label for=\"username-short\">Full name*<\/label><br \/>\n<span class=\"wpcf7-form-control-wrap\" data-name=\"cf2-name\"><input size=\"40\" maxlength=\"400\" class=\"wpcf7-form-control wpcf7-text wpcf7-validates-as-required\" id=\"username-short\" autocomplete=\"name\" aria-required=\"true\" aria-invalid=\"false\" value=\"\" type=\"text\" name=\"cf2-name\" \/><\/span>\n\t\t<\/p>\n\t<\/div>\n\t<div class=\"counter-data__form--input\">\n\t\t<p><label for=\"email-short\">E-mail*<\/label><br \/>\n<span class=\"wpcf7-form-control-wrap\" data-name=\"cf2-email\"><input size=\"40\" maxlength=\"400\" class=\"wpcf7-form-control wpcf7-email wpcf7-validates-as-required wpcf7-text wpcf7-validates-as-email\" id=\"email-short\" autocomplete=\"email\" aria-required=\"true\" aria-invalid=\"false\" value=\"\" type=\"email\" name=\"cf2-email\" \/><\/span>\n\t\t<\/p>\n\t<\/div>\n\t<div class=\"counter-data__form--input\">\n\t\t<p><label for=\"company-short\">Company name*<\/label><br \/>\n<span class=\"wpcf7-form-control-wrap\" data-name=\"cf2-company\"><input size=\"40\" maxlength=\"400\" class=\"wpcf7-form-control wpcf7-text wpcf7-validates-as-required\" id=\"company-short\" aria-required=\"true\" aria-invalid=\"false\" value=\"\" type=\"text\" name=\"cf2-company\" \/><\/span>\n\t\t<\/p>\n\t<\/div>\n\t<div class=\"counter-data__form--input\">\n\t\t<p><label for=\"department-short\">Position \/ Department*<\/label><br \/>\n<span class=\"wpcf7-form-control-wrap\" data-name=\"cf2-job-title\"><input size=\"40\" maxlength=\"400\" class=\"wpcf7-form-control wpcf7-text wpcf7-validates-as-required\" id=\"department-short\" aria-required=\"true\" aria-invalid=\"false\" value=\"\" type=\"text\" name=\"cf2-job-title\" \/><\/span>\n\t\t<\/p>\n\t<\/div>\n\t<div class=\"counter-form__form--checkbox\">\n\t\t<p><span class=\"wpcf7-form-control-wrap\" data-name=\"cf2-acceptance\"><span class=\"wpcf7-form-control wpcf7-acceptance optional\"><span class=\"wpcf7-list-item\"><label><input type=\"checkbox\" name=\"cf2-acceptance\" value=\"1\" aria-invalid=\"false\" \/><span class=\"wpcf7-list-item-label\">Information about the processing of personal data can be found in the <a href=\"\/polityka-prywatnosci\">Privacy Policy<\/a> of AI for One Poland Sp. z o.o.<\/span><\/label><\/span><\/span><\/span>\n\t\t<\/p>\n\t<\/div>\n<\/div>\n<div class=\"btn-send\">\n\t<p><input class=\"wpcf7-form-control wpcf7-submit has-spinner btn-secondary btn-send\" type=\"submit\" value=\"Send message\" \/>\n\t<\/p>\n<\/div><p style=\"display: none !important;\" class=\"akismet-fields-container\" data-prefix=\"_wpcf7_ak_\"><label>&#916;<textarea name=\"_wpcf7_ak_hp_textarea\" cols=\"45\" rows=\"8\" maxlength=\"100\"><\/textarea><\/label><input type=\"hidden\" id=\"ak_js_1\" name=\"_wpcf7_ak_js\" value=\"3\"\/><script>document.getElementById( \"ak_js_1\" ).setAttribute( \"value\", ( new Date() ).getTime() );<\/script><\/p><div class=\"wpcf7-response-output\" aria-hidden=\"true\"><\/div>\n<\/form>\n<\/div>\n                    <\/div>\r\n                <\/div>\r\n            <\/div>\r\n        <\/div>\r\n    <\/section>\r\n","protected":false},"excerpt":{"rendered":"","protected":false},"author":2,"featured_media":0,"parent":0,"menu_order":0,"comment_status":"closed","ping_status":"closed","template":"","meta":{"_acf_changed":false,"inline_featured_image":false,"footnotes":""},"class_list":["post-2310","page","type-page","status-publish","hentry"],"acf":[],"aioseo_notices":[],"_links":{"self":[{"href":"https:\/\/rockawork.com\/en\/wp-json\/wp\/v2\/pages\/2310","targetHints":{"allow":["GET"]}}],"collection":[{"href":"https:\/\/rockawork.com\/en\/wp-json\/wp\/v2\/pages"}],"about":[{"href":"https:\/\/rockawork.com\/en\/wp-json\/wp\/v2\/types\/page"}],"author":[{"embeddable":true,"href":"https:\/\/rockawork.com\/en\/wp-json\/wp\/v2\/users\/2"}],"replies":[{"embeddable":true,"href":"https:\/\/rockawork.com\/en\/wp-json\/wp\/v2\/comments?post=2310"}],"version-history":[{"count":2,"href":"https:\/\/rockawork.com\/en\/wp-json\/wp\/v2\/pages\/2310\/revisions"}],"predecessor-version":[{"id":2414,"href":"https:\/\/rockawork.com\/en\/wp-json\/wp\/v2\/pages\/2310\/revisions\/2414"}],"wp:attachment":[{"href":"https:\/\/rockawork.com\/en\/wp-json\/wp\/v2\/media?parent=2310"}],"curies":[{"name":"wp","href":"https:\/\/api.w.org\/{rel}","templated":true}]}}